{"id":2874,"date":"2023-12-14T17:29:55","date_gmt":"2023-12-14T16:29:55","guid":{"rendered":"https:\/\/notonlyaupairs.com\/forgotten-password\/"},"modified":"2024-01-19T12:57:18","modified_gmt":"2024-01-19T11:57:18","slug":"forgotten-password","status":"publish","type":"page","link":"https:\/\/notonlyaupairs.com\/en\/forgotten-password\/","title":{"rendered":"Forgotten password"},"content":{"rendered":"\t\t<div data-elementor-type=\"wp-page\" data-elementor-id=\"2874\" class=\"elementor elementor-2874 elementor-2693\" data-elementor-post-type=\"page\">\n\t\t\t\t\t\t<section class=\"elementor-section elementor-top-section elementor-element elementor-element-a88b0cf elementor-section-boxed elementor-section-height-default elementor-section-height-default\" data-id=\"a88b0cf\" data-element_type=\"section\" data-settings=\"{&quot;jet_parallax_layout_list&quot;:[]}\">\n\t\t\t\t\t\t<div class=\"elementor-container elementor-column-gap-default\">\n\t\t\t\t\t<div class=\"elementor-column elementor-col-100 elementor-top-column elementor-element elementor-element-06cef01\" data-id=\"06cef01\" data-element_type=\"column\">\n\t\t\t<div class=\"elementor-widget-wrap elementor-element-populated\">\n\t\t\t\t\t\t<div class=\"elementor-element elementor-element-738b7d5 elementor-widget elementor-widget-jet-reset\" data-id=\"738b7d5\" data-element_type=\"widget\" data-widget_type=\"jet-reset.default\">\n\t\t\t\t<div class=\"elementor-widget-container\">\n\t\t\t\n<div class=\"jet-reset\">\n\n\t\n\t\n\t<form id=\"lostpasswordform\" class=\"jet-reset__form\" name=\"lostpasswordform\" method=\"post\">\n\n\t\t\n\t\t\t<legend class=\"jet-reset__form-title\">Resetear contrase\u00f1a<\/legend>\n\n\t\t\n\t\t\n\t\t\t<div class=\"jet-reset__form-text\">\n\t\t\t\t<p>Introduzca su direcci\u00f3n de correo electr\u00f3nico o su nombre de usuario. Recibir\u00e1 un enlace para crear una nueva contrase\u00f1a por correo electr\u00f3nico. (Revise su bandeja de SPAM)<\/p>\n\t\t\t<\/div>\n\n\t\t\n\t\t<p class=\"jet_reset__user-info\">\n\n\t\t\t<label for=\"jet_reset_user_info\">Correo electr\u00f3nico o nombre de usuario<\/label>\n\t\t\t<input class=\"input\" type=\"text\" name=\"jet_reset_user_info\" id=\"jet_reset_user_info\">\n\n\t\t<\/p>\n\n\t\t<div class=\"jet-reset__submit\">\n\n\t\t\t<input type=\"hidden\" id=\"jet_reset_nonce\" name=\"jet_reset_nonce\" value=\"8ebde1d2f1\" \/><input type=\"hidden\" name=\"_wp_http_referer\" value=\"\/en\/wp-json\/wp\/v2\/pages\/2874\" \/>\t\t\t<input type=\"hidden\" name=\"submitted\" id=\"submitted\" value=\"true\">\n\t\t\t<input type=\"hidden\" name=\"jet_reset_action\" id=\"jet_reset_post_action\" value=\"jet_reset_lost_pass\">\n\t\t\t<button type=\"submit\" id=\"jet-reset-pass-submit\" name=\"jet-reset-pass-submit\" class=\"button button-primary jet-reset__button \">ENVIAR<\/button>\n\n\t\t<\/div>\n\n\t<\/form>\n\n\t\n<\/div>\t\t<\/div>\n\t\t\t\t<\/div>\n\t\t\t\t\t<\/div>\n\t\t<\/div>\n\t\t\t\t\t<\/div>\n\t\t<\/section>\n\t\t\t\t<\/div>\n\t\t","protected":false},"excerpt":{"rendered":"<p>Resetear contrase\u00f1a Introduzca su direcci\u00f3n de correo electr\u00f3nico o su nombre de usuario. Recibir\u00e1 un enlace para crear una nueva contrase\u00f1a por correo electr\u00f3nico. (Revise su bandeja de SPAM) Correo electr\u00f3nico o nombre de usuario ENVIAR<\/p>\n","protected":false},"author":1,"featured_media":0,"parent":0,"menu_order":0,"comment_status":"closed","ping_status":"closed","template":"","meta":{"footnotes":""},"class_list":["post-2874","page","type-page","status-publish","hentry"],"_links":{"self":[{"href":"https:\/\/notonlyaupairs.com\/en\/wp-json\/wp\/v2\/pages\/2874"}],"collection":[{"href":"https:\/\/notonlyaupairs.com\/en\/wp-json\/wp\/v2\/pages"}],"about":[{"href":"https:\/\/notonlyaupairs.com\/en\/wp-json\/wp\/v2\/types\/page"}],"author":[{"embeddable":true,"href":"https:\/\/notonlyaupairs.com\/en\/wp-json\/wp\/v2\/users\/1"}],"replies":[{"embeddable":true,"href":"https:\/\/notonlyaupairs.com\/en\/wp-json\/wp\/v2\/comments?post=2874"}],"version-history":[{"count":1,"href":"https:\/\/notonlyaupairs.com\/en\/wp-json\/wp\/v2\/pages\/2874\/revisions"}],"predecessor-version":[{"id":2875,"href":"https:\/\/notonlyaupairs.com\/en\/wp-json\/wp\/v2\/pages\/2874\/revisions\/2875"}],"wp:attachment":[{"href":"https:\/\/notonlyaupairs.com\/en\/wp-json\/wp\/v2\/media?parent=2874"}],"curies":[{"name":"wp","href":"https:\/\/api.w.org\/{rel}","templated":true}]}}